{"id":38866,"date":"2025-10-20T13:47:41","date_gmt":"2025-10-20T17:47:41","guid":{"rendered":"https:\/\/vitoli.ca\/?post_type=product&#038;p=38866"},"modified":"2025-10-24T11:14:53","modified_gmt":"2025-10-24T15:14:53","slug":"my-longevity-protocol","status":"publish","type":"product","link":"https:\/\/vitoli.ca\/en\/our-products\/my-longevity-protocol\/","title":{"rendered":"My Longevity Protocol"},"content":{"rendered":"<p>This book is only available in French.<\/p>\n","protected":false},"excerpt":{"rendered":"<p>This book is only available in French.<\/p>\n","protected":false},"featured_media":38907,"comment_status":"open","ping_status":"closed","template":"","meta":{"_acf_changed":false},"product_brand":[],"product_cat":[133],"product_tag":[],"class_list":{"0":"post-38866","1":"product","2":"type-product","3":"status-publish","4":"has-post-thumbnail","6":"product_cat-books","8":"first","9":"instock","10":"taxable","11":"shipping-taxable","12":"purchasable","13":"product-type-variable","14":"has-default-attributes"},"acf":[],"yoast_head":"<!-- This site is optimized with the Yoast SEO plugin v27.3 - https:\/\/yoast.com\/product\/yoast-seo-wordpress\/ -->\n<title>My Longevity Protocols | Livre du Dr. Eric Simard<\/title>\n<meta name=\"description\" content=\"Ce n\u2019est pas de la science-fiction, mais bien ce que tendent \u00e0 d\u00e9montrer les recherches actuelles en long\u00e9vit\u00e9 et vieillissement humains.\" \/>\n<meta name=\"robots\" content=\"index, follow, max-snippet:-1, max-image-preview:large, max-video-preview:-1\" \/>\n<link rel=\"canonical\" href=\"https:\/\/vitoli.ca\/en\/our-products\/my-longevity-protocol\/\" \/>\n<meta property=\"og:locale\" content=\"en_US\" \/>\n<meta property=\"og:type\" content=\"article\" \/>\n<meta property=\"og:title\" content=\"My Longevity Protocols | Livre du Dr. Eric Simard\" \/>\n<meta property=\"og:description\" content=\"Ce n\u2019est pas de la science-fiction, mais bien ce que tendent \u00e0 d\u00e9montrer les recherches actuelles en long\u00e9vit\u00e9 et vieillissement humains.\" \/>\n<meta property=\"og:url\" content=\"https:\/\/vitoli.ca\/en\/our-products\/my-longevity-protocol\/\" \/>\n<meta property=\"og:site_name\" content=\"Vitoli\" \/>\n<meta property=\"article:modified_time\" content=\"2025-10-24T15:14:53+00:00\" \/>\n<meta property=\"og:image\" content=\"https:\/\/vitoli.ca\/wp-content\/uploads\/2025\/10\/Livre5-Eric_web-1.jpg\" \/>\n\t<meta property=\"og:image:width\" content=\"1050\" \/>\n\t<meta property=\"og:image:height\" content=\"1344\" \/>\n\t<meta property=\"og:image:type\" content=\"image\/jpeg\" \/>\n<meta name=\"twitter:card\" content=\"summary_large_image\" \/>\n<meta name=\"twitter:label1\" content=\"Est. reading time\" \/>\n\t<meta name=\"twitter:data1\" content=\"1 minute\" \/>\n<script type=\"application\/ld+json\" class=\"yoast-schema-graph\">{\"@context\":\"https:\\\/\\\/schema.org\",\"@graph\":[{\"@type\":\"WebPage\",\"@id\":\"https:\\\/\\\/vitoli.ca\\\/en\\\/our-products\\\/my-longevity-protocol\\\/\",\"url\":\"https:\\\/\\\/vitoli.ca\\\/en\\\/our-products\\\/my-longevity-protocol\\\/\",\"name\":\"My Longevity Protocols | Livre du Dr. Eric Simard\",\"isPartOf\":{\"@id\":\"https:\\\/\\\/vitoli.ca\\\/en\\\/#website\"},\"primaryImageOfPage\":{\"@id\":\"https:\\\/\\\/vitoli.ca\\\/en\\\/our-products\\\/my-longevity-protocol\\\/#primaryimage\"},\"image\":{\"@id\":\"https:\\\/\\\/vitoli.ca\\\/en\\\/our-products\\\/my-longevity-protocol\\\/#primaryimage\"},\"thumbnailUrl\":\"https:\\\/\\\/vitoli.ca\\\/wp-content\\\/uploads\\\/2025\\\/10\\\/Livre5-Eric_web-1.jpg\",\"datePublished\":\"2025-10-20T17:47:41+00:00\",\"dateModified\":\"2025-10-24T15:14:53+00:00\",\"description\":\"Ce n\u2019est pas de la science-fiction, mais bien ce que tendent \u00e0 d\u00e9montrer les recherches actuelles en long\u00e9vit\u00e9 et vieillissement humains.\",\"breadcrumb\":{\"@id\":\"https:\\\/\\\/vitoli.ca\\\/en\\\/our-products\\\/my-longevity-protocol\\\/#breadcrumb\"},\"inLanguage\":\"en-US\",\"potentialAction\":[{\"@type\":\"ReadAction\",\"target\":[\"https:\\\/\\\/vitoli.ca\\\/en\\\/our-products\\\/my-longevity-protocol\\\/\"]}]},{\"@type\":\"ImageObject\",\"inLanguage\":\"en-US\",\"@id\":\"https:\\\/\\\/vitoli.ca\\\/en\\\/our-products\\\/my-longevity-protocol\\\/#primaryimage\",\"url\":\"https:\\\/\\\/vitoli.ca\\\/wp-content\\\/uploads\\\/2025\\\/10\\\/Livre5-Eric_web-1.jpg\",\"contentUrl\":\"https:\\\/\\\/vitoli.ca\\\/wp-content\\\/uploads\\\/2025\\\/10\\\/Livre5-Eric_web-1.jpg\",\"width\":1050,\"height\":1344},{\"@type\":\"BreadcrumbList\",\"@id\":\"https:\\\/\\\/vitoli.ca\\\/en\\\/our-products\\\/my-longevity-protocol\\\/#breadcrumb\",\"itemListElement\":[{\"@type\":\"ListItem\",\"position\":1,\"name\":\"Products\",\"item\":\"https:\\\/\\\/vitoli.ca\\\/en\\\/shop\\\/\"},{\"@type\":\"ListItem\",\"position\":2,\"name\":\"My Longevity Protocol\"}]},{\"@type\":\"WebSite\",\"@id\":\"https:\\\/\\\/vitoli.ca\\\/en\\\/#website\",\"url\":\"https:\\\/\\\/vitoli.ca\\\/en\\\/\",\"name\":\"Vitoli\",\"description\":\"Bien vieillir\",\"potentialAction\":[{\"@type\":\"SearchAction\",\"target\":{\"@type\":\"EntryPoint\",\"urlTemplate\":\"https:\\\/\\\/vitoli.ca\\\/en\\\/?s={search_term_string}\"},\"query-input\":{\"@type\":\"PropertyValueSpecification\",\"valueRequired\":true,\"valueName\":\"search_term_string\"}}],\"inLanguage\":\"en-US\"}]}<\/script>\n<!-- \/ Yoast SEO plugin. -->","yoast_head_json":{"title":"My Longevity Protocols | Livre du Dr. Eric Simard","description":"Ce n\u2019est pas de la science-fiction, mais bien ce que tendent \u00e0 d\u00e9montrer les recherches actuelles en long\u00e9vit\u00e9 et vieillissement humains.","robots":{"index":"index","follow":"follow","max-snippet":"max-snippet:-1","max-image-preview":"max-image-preview:large","max-video-preview":"max-video-preview:-1"},"canonical":"https:\/\/vitoli.ca\/en\/our-products\/my-longevity-protocol\/","og_locale":"en_US","og_type":"article","og_title":"My Longevity Protocols | Livre du Dr. Eric Simard","og_description":"Ce n\u2019est pas de la science-fiction, mais bien ce que tendent \u00e0 d\u00e9montrer les recherches actuelles en long\u00e9vit\u00e9 et vieillissement humains.","og_url":"https:\/\/vitoli.ca\/en\/our-products\/my-longevity-protocol\/","og_site_name":"Vitoli","article_modified_time":"2025-10-24T15:14:53+00:00","og_image":[{"width":1050,"height":1344,"url":"https:\/\/vitoli.ca\/wp-content\/uploads\/2025\/10\/Livre5-Eric_web-1.jpg","type":"image\/jpeg"}],"twitter_card":"summary_large_image","twitter_misc":{"Est. reading time":"1 minute"},"schema":{"@context":"https:\/\/schema.org","@graph":[{"@type":"WebPage","@id":"https:\/\/vitoli.ca\/en\/our-products\/my-longevity-protocol\/","url":"https:\/\/vitoli.ca\/en\/our-products\/my-longevity-protocol\/","name":"My Longevity Protocols | Livre du Dr. Eric Simard","isPartOf":{"@id":"https:\/\/vitoli.ca\/en\/#website"},"primaryImageOfPage":{"@id":"https:\/\/vitoli.ca\/en\/our-products\/my-longevity-protocol\/#primaryimage"},"image":{"@id":"https:\/\/vitoli.ca\/en\/our-products\/my-longevity-protocol\/#primaryimage"},"thumbnailUrl":"https:\/\/vitoli.ca\/wp-content\/uploads\/2025\/10\/Livre5-Eric_web-1.jpg","datePublished":"2025-10-20T17:47:41+00:00","dateModified":"2025-10-24T15:14:53+00:00","description":"Ce n\u2019est pas de la science-fiction, mais bien ce que tendent \u00e0 d\u00e9montrer les recherches actuelles en long\u00e9vit\u00e9 et vieillissement humains.","breadcrumb":{"@id":"https:\/\/vitoli.ca\/en\/our-products\/my-longevity-protocol\/#breadcrumb"},"inLanguage":"en-US","potentialAction":[{"@type":"ReadAction","target":["https:\/\/vitoli.ca\/en\/our-products\/my-longevity-protocol\/"]}]},{"@type":"ImageObject","inLanguage":"en-US","@id":"https:\/\/vitoli.ca\/en\/our-products\/my-longevity-protocol\/#primaryimage","url":"https:\/\/vitoli.ca\/wp-content\/uploads\/2025\/10\/Livre5-Eric_web-1.jpg","contentUrl":"https:\/\/vitoli.ca\/wp-content\/uploads\/2025\/10\/Livre5-Eric_web-1.jpg","width":1050,"height":1344},{"@type":"BreadcrumbList","@id":"https:\/\/vitoli.ca\/en\/our-products\/my-longevity-protocol\/#breadcrumb","itemListElement":[{"@type":"ListItem","position":1,"name":"Products","item":"https:\/\/vitoli.ca\/en\/shop\/"},{"@type":"ListItem","position":2,"name":"My Longevity Protocol"}]},{"@type":"WebSite","@id":"https:\/\/vitoli.ca\/en\/#website","url":"https:\/\/vitoli.ca\/en\/","name":"Vitoli","description":"Bien vieillir","potentialAction":[{"@type":"SearchAction","target":{"@type":"EntryPoint","urlTemplate":"https:\/\/vitoli.ca\/en\/?s={search_term_string}"},"query-input":{"@type":"PropertyValueSpecification","valueRequired":true,"valueName":"search_term_string"}}],"inLanguage":"en-US"}]}},"_links":{"self":[{"href":"https:\/\/vitoli.ca\/en\/wp-json\/wp\/v2\/product\/38866","targetHints":{"allow":["GET"]}}],"collection":[{"href":"https:\/\/vitoli.ca\/en\/wp-json\/wp\/v2\/product"}],"about":[{"href":"https:\/\/vitoli.ca\/en\/wp-json\/wp\/v2\/types\/product"}],"replies":[{"embeddable":true,"href":"https:\/\/vitoli.ca\/en\/wp-json\/wp\/v2\/comments?post=38866"}],"wp:featuredmedia":[{"embeddable":true,"href":"https:\/\/vitoli.ca\/en\/wp-json\/wp\/v2\/media\/38907"}],"wp:attachment":[{"href":"https:\/\/vitoli.ca\/en\/wp-json\/wp\/v2\/media?parent=38866"}],"wp:term":[{"taxonomy":"product_brand","embeddable":true,"href":"https:\/\/vitoli.ca\/en\/wp-json\/wp\/v2\/product_brand?post=38866"},{"taxonomy":"product_cat","embeddable":true,"href":"https:\/\/vitoli.ca\/en\/wp-json\/wp\/v2\/product_cat?post=38866"},{"taxonomy":"product_tag","embeddable":true,"href":"https:\/\/vitoli.ca\/en\/wp-json\/wp\/v2\/product_tag?post=38866"}],"curies":[{"name":"wp","href":"https:\/\/api.w.org\/{rel}","templated":true}]}}