{"id":38659,"date":"2025-10-15T15:59:46","date_gmt":"2025-10-15T19:59:46","guid":{"rendered":"https:\/\/vitoli.ca\/?post_type=product&#038;p=38659"},"modified":"2025-11-03T08:20:11","modified_gmt":"2025-11-03T13:20:11","slug":"journee-virtuelle-de-lacademie-idunn-inflammation-et-douleurs","status":"publish","type":"product","link":"https:\/\/vitoli.ca\/en\/our-products\/journee-virtuelle-de-lacademie-idunn-inflammation-et-douleurs\/","title":{"rendered":"Journ\u00e9e Virtuelle de l\u2019Acad\u00e9mie Idunn : Inflammation et douleurs"},"content":{"rendered":"<h2>Conf\u00e9rences pr\u00e9sent\u00e9es :<\/h2>\n<ul>\n<li>Gabrielle Samson : Qu&#8217;est-ce que l&#8217;alimentation anti-inflammatoire ?<\/li>\n<li>Dino Halikas : Douleurs, digestion, ecz\u00e9ma, anxi\u00e9t\u00e9 et fatigue : Et si c\u2019\u00e9tait reli\u00e9 aux bact\u00e9ries de votre intestin?<\/li>\n<li>Jean-Yves Dionne : Comment \u00eatre actif et les strat\u00e9gies anti-inflammatoires<\/li>\n<li>Andr\u00e9 Perreault : La fibromyalgie : les causes et les approches naturelles<\/li>\n<\/ul>\n<p>En plus du contenu de haute qualit\u00e9 des conf\u00e9rences enregistr\u00e9es, vous b\u00e9n\u00e9ficierez des commentaires et r\u00e9ponses de votre animateur de l\u2019\u00e9v\u00e9nement, monsieur Jean-Yves Dionne, expert en sant\u00e9 int\u00e9grative. Monsieur Dionne (www.jydionne.com) est reconnu pour sa rigueur scientifique, son expertise en sant\u00e9 int\u00e9grative et ses formations qui vous donnent l\u2019heure juste et vous offrent des outils accessibles pour am\u00e9liorer votre qualit\u00e9 de vie. Il est un des rares experts capables d\u2019int\u00e9grer ses connaissances des approches compl\u00e9mentaires et des saines habitudes de vie avec celles des m\u00e9dicaments et des approches conventionnelles en sant\u00e9.<\/p>\n<h2>D\u00e9roulement de la journ\u00e9e :<\/h2>\n<ul>\n<li>9h00 : Accueil et mot de bienvenu.<\/li>\n<li>9h10 : Introduction et d\u00e9roulement de la journ\u00e9e<\/li>\n<li>9h30 : Diffusion de la 1\u00e8re conference<\/li>\n<li>10h30 : R\u00e9ponses aux questions.<\/li>\n<li>10h45 : Pause<\/li>\n<li>11h00 : Diffusion de la 2e conf\u00e9rence.<\/li>\n<li>12h00 : R\u00e9ponses aux questions<\/li>\n<li>12h15 \u2013 13h30 : Diner<\/li>\n<li>13h30 : Diffusion de la 3e conf\u00e9rence.<\/li>\n<li>14h30 : R\u00e9ponses aux questions.<\/li>\n<li>14h45 : Pause<\/li>\n<li>15h00 : Diffusion de la 4e conf\u00e9rence.<\/li>\n<li>16h00 : R\u00e9ponses aux questions.<\/li>\n<li>16h15 : Mot de la fin.<\/li>\n<\/ul>\n<p>N.B. Les heures sont donn\u00e9es \u00e0 titre indicatif. Certaines conf\u00e9rences durent plus d\u2019une heure et l\u2019horaire sera ajust\u00e9 en cons\u00e9quence. Les journ\u00e9es virtuelles de l\u2019Acad\u00e9mie Idunn ont \u00e9t\u00e9 cr\u00e9\u00e9es afin de mettre en valeur le contenue de haute qualit\u00e9 des conf\u00e9rences enregistr\u00e9es durant les webinaires du jeudi soir. Elles vous sont offertes \u00e0 74,99$ pour un contenu d\u2019une valeur de 120$ en plus de l\u2019expertise inestimable de votre animateur.<\/p>\n","protected":false},"excerpt":{"rendered":"<p>Conf\u00e9rences pr\u00e9sent\u00e9es : Gabrielle Samson : Qu&#8217;est-ce que l&#8217;alimentation anti-inflammatoire ? Dino Halikas : Douleurs, digestion, ecz\u00e9ma, anxi\u00e9t\u00e9 et fatigue : Et si c\u2019\u00e9tait reli\u00e9 aux bact\u00e9ries de votre intestin? Jean-Yves Dionne : Comment \u00eatre actif et les strat\u00e9gies anti-inflammatoires Andr\u00e9 Perreault : La fibromyalgie : les causes et les approches naturelles En plus du [&hellip;]<\/p>\n","protected":false},"featured_media":38660,"comment_status":"open","ping_status":"closed","template":"","meta":{"_acf_changed":false},"product_brand":[],"product_cat":[217],"product_tag":[],"class_list":{"0":"post-38659","1":"product","2":"type-product","3":"status-publish","4":"has-post-thumbnail","6":"product_cat-conferences","8":"first","9":"instock","10":"virtual","11":"taxable","12":"purchasable","13":"product-type-simple"},"acf":[],"yoast_head":"<!-- This site is optimized with the Yoast SEO plugin v27.2 - https:\/\/yoast.com\/product\/yoast-seo-wordpress\/ -->\n<title>Journ\u00e9e Virtuelle de l\u2019Acad\u00e9mie Idunn : Inflammation et douleurs - Vitoli<\/title>\n<meta name=\"robots\" content=\"index, follow, max-snippet:-1, max-image-preview:large, max-video-preview:-1\" \/>\n<link rel=\"canonical\" href=\"https:\/\/vitoli.ca\/en\/our-products\/journee-virtuelle-de-lacademie-idunn-inflammation-et-douleurs\/\" \/>\n<meta property=\"og:locale\" content=\"en_US\" \/>\n<meta property=\"og:type\" content=\"article\" \/>\n<meta property=\"og:title\" content=\"Journ\u00e9e Virtuelle de l\u2019Acad\u00e9mie Idunn : Inflammation et douleurs - Vitoli\" \/>\n<meta property=\"og:description\" content=\"Conf\u00e9rences pr\u00e9sent\u00e9es : Gabrielle Samson : Qu&#8217;est-ce que l&#8217;alimentation anti-inflammatoire ? Dino Halikas : Douleurs, digestion, ecz\u00e9ma, anxi\u00e9t\u00e9 et fatigue : Et si c\u2019\u00e9tait reli\u00e9 aux bact\u00e9ries de votre intestin? Jean-Yves Dionne : Comment \u00eatre actif et les strat\u00e9gies anti-inflammatoires Andr\u00e9 Perreault : La fibromyalgie : les causes et les approches naturelles En plus du [&hellip;]\" \/>\n<meta property=\"og:url\" content=\"https:\/\/vitoli.ca\/en\/our-products\/journee-virtuelle-de-lacademie-idunn-inflammation-et-douleurs\/\" \/>\n<meta property=\"og:site_name\" content=\"Vitoli\" \/>\n<meta property=\"article:modified_time\" content=\"2025-11-03T13:20:11+00:00\" \/>\n<meta property=\"og:image\" content=\"https:\/\/vitoli.ca\/wp-content\/uploads\/2025\/10\/Journee-Virtuelle-1nov2025.jpg\" \/>\n\t<meta property=\"og:image:width\" content=\"1280\" \/>\n\t<meta property=\"og:image:height\" content=\"720\" \/>\n\t<meta property=\"og:image:type\" content=\"image\/jpeg\" \/>\n<meta name=\"twitter:card\" content=\"summary_large_image\" \/>\n<meta name=\"twitter:label1\" content=\"Est. reading time\" \/>\n\t<meta name=\"twitter:data1\" content=\"2 minutes\" \/>\n<script type=\"application\/ld+json\" class=\"yoast-schema-graph\">{\"@context\":\"https:\/\/schema.org\",\"@graph\":[{\"@type\":\"WebPage\",\"@id\":\"https:\/\/vitoli.ca\/en\/our-products\/journee-virtuelle-de-lacademie-idunn-inflammation-et-douleurs\/\",\"url\":\"https:\/\/vitoli.ca\/en\/our-products\/journee-virtuelle-de-lacademie-idunn-inflammation-et-douleurs\/\",\"name\":\"Journ\u00e9e Virtuelle de l\u2019Acad\u00e9mie Idunn : Inflammation et douleurs - Vitoli\",\"isPartOf\":{\"@id\":\"https:\/\/vitoli.ca\/en\/#website\"},\"primaryImageOfPage\":{\"@id\":\"https:\/\/vitoli.ca\/en\/our-products\/journee-virtuelle-de-lacademie-idunn-inflammation-et-douleurs\/#primaryimage\"},\"image\":{\"@id\":\"https:\/\/vitoli.ca\/en\/our-products\/journee-virtuelle-de-lacademie-idunn-inflammation-et-douleurs\/#primaryimage\"},\"thumbnailUrl\":\"https:\/\/vitoli.ca\/wp-content\/uploads\/2025\/10\/Journee-Virtuelle-1nov2025.jpg\",\"datePublished\":\"2025-10-15T19:59:46+00:00\",\"dateModified\":\"2025-11-03T13:20:11+00:00\",\"breadcrumb\":{\"@id\":\"https:\/\/vitoli.ca\/en\/our-products\/journee-virtuelle-de-lacademie-idunn-inflammation-et-douleurs\/#breadcrumb\"},\"inLanguage\":\"en-US\",\"potentialAction\":[{\"@type\":\"ReadAction\",\"target\":[\"https:\/\/vitoli.ca\/en\/our-products\/journee-virtuelle-de-lacademie-idunn-inflammation-et-douleurs\/\"]}]},{\"@type\":\"ImageObject\",\"inLanguage\":\"en-US\",\"@id\":\"https:\/\/vitoli.ca\/en\/our-products\/journee-virtuelle-de-lacademie-idunn-inflammation-et-douleurs\/#primaryimage\",\"url\":\"https:\/\/vitoli.ca\/wp-content\/uploads\/2025\/10\/Journee-Virtuelle-1nov2025.jpg\",\"contentUrl\":\"https:\/\/vitoli.ca\/wp-content\/uploads\/2025\/10\/Journee-Virtuelle-1nov2025.jpg\",\"width\":1280,\"height\":720},{\"@type\":\"BreadcrumbList\",\"@id\":\"https:\/\/vitoli.ca\/en\/our-products\/journee-virtuelle-de-lacademie-idunn-inflammation-et-douleurs\/#breadcrumb\",\"itemListElement\":[{\"@type\":\"ListItem\",\"position\":1,\"name\":\"Products\",\"item\":\"https:\/\/vitoli.ca\/en\/shop\/\"},{\"@type\":\"ListItem\",\"position\":2,\"name\":\"Journ\u00e9e Virtuelle de l\u2019Acad\u00e9mie Idunn : Inflammation et douleurs\"}]},{\"@type\":\"WebSite\",\"@id\":\"https:\/\/vitoli.ca\/en\/#website\",\"url\":\"https:\/\/vitoli.ca\/en\/\",\"name\":\"Vitoli\",\"description\":\"Bien vieillir\",\"potentialAction\":[{\"@type\":\"SearchAction\",\"target\":{\"@type\":\"EntryPoint\",\"urlTemplate\":\"https:\/\/vitoli.ca\/en\/?s={search_term_string}\"},\"query-input\":{\"@type\":\"PropertyValueSpecification\",\"valueRequired\":true,\"valueName\":\"search_term_string\"}}],\"inLanguage\":\"en-US\"}]}<\/script>\n<!-- \/ Yoast SEO plugin. -->","yoast_head_json":{"title":"Journ\u00e9e Virtuelle de l\u2019Acad\u00e9mie Idunn : Inflammation et douleurs - Vitoli","robots":{"index":"index","follow":"follow","max-snippet":"max-snippet:-1","max-image-preview":"max-image-preview:large","max-video-preview":"max-video-preview:-1"},"canonical":"https:\/\/vitoli.ca\/en\/our-products\/journee-virtuelle-de-lacademie-idunn-inflammation-et-douleurs\/","og_locale":"en_US","og_type":"article","og_title":"Journ\u00e9e Virtuelle de l\u2019Acad\u00e9mie Idunn : Inflammation et douleurs - Vitoli","og_description":"Conf\u00e9rences pr\u00e9sent\u00e9es : Gabrielle Samson : Qu&#8217;est-ce que l&#8217;alimentation anti-inflammatoire ? Dino Halikas : Douleurs, digestion, ecz\u00e9ma, anxi\u00e9t\u00e9 et fatigue : Et si c\u2019\u00e9tait reli\u00e9 aux bact\u00e9ries de votre intestin? Jean-Yves Dionne : Comment \u00eatre actif et les strat\u00e9gies anti-inflammatoires Andr\u00e9 Perreault : La fibromyalgie : les causes et les approches naturelles En plus du [&hellip;]","og_url":"https:\/\/vitoli.ca\/en\/our-products\/journee-virtuelle-de-lacademie-idunn-inflammation-et-douleurs\/","og_site_name":"Vitoli","article_modified_time":"2025-11-03T13:20:11+00:00","og_image":[{"width":1280,"height":720,"url":"https:\/\/vitoli.ca\/wp-content\/uploads\/2025\/10\/Journee-Virtuelle-1nov2025.jpg","type":"image\/jpeg"}],"twitter_card":"summary_large_image","twitter_misc":{"Est. reading time":"2 minutes"},"schema":{"@context":"https:\/\/schema.org","@graph":[{"@type":"WebPage","@id":"https:\/\/vitoli.ca\/en\/our-products\/journee-virtuelle-de-lacademie-idunn-inflammation-et-douleurs\/","url":"https:\/\/vitoli.ca\/en\/our-products\/journee-virtuelle-de-lacademie-idunn-inflammation-et-douleurs\/","name":"Journ\u00e9e Virtuelle de l\u2019Acad\u00e9mie Idunn : Inflammation et douleurs - Vitoli","isPartOf":{"@id":"https:\/\/vitoli.ca\/en\/#website"},"primaryImageOfPage":{"@id":"https:\/\/vitoli.ca\/en\/our-products\/journee-virtuelle-de-lacademie-idunn-inflammation-et-douleurs\/#primaryimage"},"image":{"@id":"https:\/\/vitoli.ca\/en\/our-products\/journee-virtuelle-de-lacademie-idunn-inflammation-et-douleurs\/#primaryimage"},"thumbnailUrl":"https:\/\/vitoli.ca\/wp-content\/uploads\/2025\/10\/Journee-Virtuelle-1nov2025.jpg","datePublished":"2025-10-15T19:59:46+00:00","dateModified":"2025-11-03T13:20:11+00:00","breadcrumb":{"@id":"https:\/\/vitoli.ca\/en\/our-products\/journee-virtuelle-de-lacademie-idunn-inflammation-et-douleurs\/#breadcrumb"},"inLanguage":"en-US","potentialAction":[{"@type":"ReadAction","target":["https:\/\/vitoli.ca\/en\/our-products\/journee-virtuelle-de-lacademie-idunn-inflammation-et-douleurs\/"]}]},{"@type":"ImageObject","inLanguage":"en-US","@id":"https:\/\/vitoli.ca\/en\/our-products\/journee-virtuelle-de-lacademie-idunn-inflammation-et-douleurs\/#primaryimage","url":"https:\/\/vitoli.ca\/wp-content\/uploads\/2025\/10\/Journee-Virtuelle-1nov2025.jpg","contentUrl":"https:\/\/vitoli.ca\/wp-content\/uploads\/2025\/10\/Journee-Virtuelle-1nov2025.jpg","width":1280,"height":720},{"@type":"BreadcrumbList","@id":"https:\/\/vitoli.ca\/en\/our-products\/journee-virtuelle-de-lacademie-idunn-inflammation-et-douleurs\/#breadcrumb","itemListElement":[{"@type":"ListItem","position":1,"name":"Products","item":"https:\/\/vitoli.ca\/en\/shop\/"},{"@type":"ListItem","position":2,"name":"Journ\u00e9e Virtuelle de l\u2019Acad\u00e9mie Idunn : Inflammation et douleurs"}]},{"@type":"WebSite","@id":"https:\/\/vitoli.ca\/en\/#website","url":"https:\/\/vitoli.ca\/en\/","name":"Vitoli","description":"Bien vieillir","potentialAction":[{"@type":"SearchAction","target":{"@type":"EntryPoint","urlTemplate":"https:\/\/vitoli.ca\/en\/?s={search_term_string}"},"query-input":{"@type":"PropertyValueSpecification","valueRequired":true,"valueName":"search_term_string"}}],"inLanguage":"en-US"}]}},"_links":{"self":[{"href":"https:\/\/vitoli.ca\/en\/wp-json\/wp\/v2\/product\/38659","targetHints":{"allow":["GET"]}}],"collection":[{"href":"https:\/\/vitoli.ca\/en\/wp-json\/wp\/v2\/product"}],"about":[{"href":"https:\/\/vitoli.ca\/en\/wp-json\/wp\/v2\/types\/product"}],"replies":[{"embeddable":true,"href":"https:\/\/vitoli.ca\/en\/wp-json\/wp\/v2\/comments?post=38659"}],"wp:featuredmedia":[{"embeddable":true,"href":"https:\/\/vitoli.ca\/en\/wp-json\/wp\/v2\/media\/38660"}],"wp:attachment":[{"href":"https:\/\/vitoli.ca\/en\/wp-json\/wp\/v2\/media?parent=38659"}],"wp:term":[{"taxonomy":"product_brand","embeddable":true,"href":"https:\/\/vitoli.ca\/en\/wp-json\/wp\/v2\/product_brand?post=38659"},{"taxonomy":"product_cat","embeddable":true,"href":"https:\/\/vitoli.ca\/en\/wp-json\/wp\/v2\/product_cat?post=38659"},{"taxonomy":"product_tag","embeddable":true,"href":"https:\/\/vitoli.ca\/en\/wp-json\/wp\/v2\/product_tag?post=38659"}],"curies":[{"name":"wp","href":"https:\/\/api.w.org\/{rel}","templated":true}]}}