{"id":23694,"date":"2024-03-31T15:30:01","date_gmt":"2024-03-31T19:30:01","guid":{"rendered":"https:\/\/vitoli.ca\/produit\/petit-guide-de-la-longevite\/"},"modified":"2024-04-05T12:36:48","modified_gmt":"2024-04-05T16:36:48","slug":"a-short-guide-to-longevity","status":"publish","type":"product","link":"https:\/\/vitoli.ca\/en\/our-products\/a-short-guide-to-longevity\/","title":{"rendered":"A short guide to longevity"},"content":{"rendered":"<p>This book is only available in French.<\/p>\n","protected":false},"excerpt":{"rendered":"<p>This book is only available in French.<\/p>\n","protected":false},"featured_media":82,"comment_status":"open","ping_status":"closed","template":"","meta":{"_acf_changed":false},"product_brand":[],"product_cat":[133],"product_tag":[],"class_list":{"0":"post-23694","1":"product","2":"type-product","3":"status-publish","4":"has-post-thumbnail","6":"product_cat-books","8":"first","9":"instock","10":"taxable","11":"shipping-taxable","12":"purchasable","13":"product-type-variable","14":"has-default-attributes"},"acf":[],"yoast_head":"<!-- This site is optimized with the Yoast SEO plugin v27.2 - https:\/\/yoast.com\/product\/yoast-seo-wordpress\/ -->\n<title>Petit guide de la long\u00e9vit\u00e9 | Livre du Dr. Eric Simard<\/title>\n<meta name=\"description\" content=\"Ce petit guide est bas\u00e9 sur les deux premiers recueils: Vivre jeune plus longtemps et Vivre jeune deux fois plus longtemps.\" \/>\n<meta name=\"robots\" content=\"index, follow, max-snippet:-1, max-image-preview:large, max-video-preview:-1\" \/>\n<link rel=\"canonical\" href=\"https:\/\/vitoli.ca\/en\/our-products\/a-short-guide-to-longevity\/\" \/>\n<meta property=\"og:locale\" content=\"en_US\" \/>\n<meta property=\"og:type\" content=\"article\" \/>\n<meta property=\"og:title\" content=\"Petit guide de la long\u00e9vit\u00e9 | Livre du Dr. Eric Simard\" \/>\n<meta property=\"og:description\" content=\"Ce petit guide est bas\u00e9 sur les deux premiers recueils: Vivre jeune plus longtemps et Vivre jeune deux fois plus longtemps.\" \/>\n<meta property=\"og:url\" content=\"https:\/\/vitoli.ca\/en\/our-products\/a-short-guide-to-longevity\/\" \/>\n<meta property=\"og:site_name\" content=\"Vitoli\" \/>\n<meta property=\"article:modified_time\" content=\"2024-04-05T16:36:48+00:00\" \/>\n<meta property=\"og:image\" content=\"https:\/\/vitoli.ca\/wp-content\/uploads\/2024\/03\/Seance-Commerciale_Vitoli_Juin-2022_LALOR-photographie-44-1.png\" \/>\n\t<meta property=\"og:image:width\" content=\"551\" \/>\n\t<meta property=\"og:image:height\" content=\"570\" \/>\n\t<meta property=\"og:image:type\" content=\"image\/png\" \/>\n<meta name=\"twitter:card\" content=\"summary_large_image\" \/>\n<meta name=\"twitter:label1\" content=\"Est. reading time\" \/>\n\t<meta name=\"twitter:data1\" content=\"2 minutes\" \/>\n<script type=\"application\/ld+json\" class=\"yoast-schema-graph\">{\"@context\":\"https:\/\/schema.org\",\"@graph\":[{\"@type\":\"WebPage\",\"@id\":\"https:\/\/vitoli.ca\/en\/our-products\/a-short-guide-to-longevity\/\",\"url\":\"https:\/\/vitoli.ca\/en\/our-products\/a-short-guide-to-longevity\/\",\"name\":\"Petit guide de la long\u00e9vit\u00e9 | Livre du Dr. Eric Simard\",\"isPartOf\":{\"@id\":\"https:\/\/vitoli.ca\/en\/#website\"},\"primaryImageOfPage\":{\"@id\":\"https:\/\/vitoli.ca\/en\/our-products\/a-short-guide-to-longevity\/#primaryimage\"},\"image\":{\"@id\":\"https:\/\/vitoli.ca\/en\/our-products\/a-short-guide-to-longevity\/#primaryimage\"},\"thumbnailUrl\":\"https:\/\/vitoli.ca\/wp-content\/uploads\/2024\/03\/Seance-Commerciale_Vitoli_Juin-2022_LALOR-photographie-44-1.png\",\"datePublished\":\"2024-03-31T19:30:01+00:00\",\"dateModified\":\"2024-04-05T16:36:48+00:00\",\"description\":\"Ce petit guide est bas\u00e9 sur les deux premiers recueils: Vivre jeune plus longtemps et Vivre jeune deux fois plus longtemps.\",\"breadcrumb\":{\"@id\":\"https:\/\/vitoli.ca\/en\/our-products\/a-short-guide-to-longevity\/#breadcrumb\"},\"inLanguage\":\"en-US\",\"potentialAction\":[{\"@type\":\"ReadAction\",\"target\":[\"https:\/\/vitoli.ca\/en\/our-products\/a-short-guide-to-longevity\/\"]}]},{\"@type\":\"ImageObject\",\"inLanguage\":\"en-US\",\"@id\":\"https:\/\/vitoli.ca\/en\/our-products\/a-short-guide-to-longevity\/#primaryimage\",\"url\":\"https:\/\/vitoli.ca\/wp-content\/uploads\/2024\/03\/Seance-Commerciale_Vitoli_Juin-2022_LALOR-photographie-44-1.png\",\"contentUrl\":\"https:\/\/vitoli.ca\/wp-content\/uploads\/2024\/03\/Seance-Commerciale_Vitoli_Juin-2022_LALOR-photographie-44-1.png\",\"width\":551,\"height\":570},{\"@type\":\"BreadcrumbList\",\"@id\":\"https:\/\/vitoli.ca\/en\/our-products\/a-short-guide-to-longevity\/#breadcrumb\",\"itemListElement\":[{\"@type\":\"ListItem\",\"position\":1,\"name\":\"Products\",\"item\":\"https:\/\/vitoli.ca\/en\/shop\/\"},{\"@type\":\"ListItem\",\"position\":2,\"name\":\"A short guide to longevity\"}]},{\"@type\":\"WebSite\",\"@id\":\"https:\/\/vitoli.ca\/en\/#website\",\"url\":\"https:\/\/vitoli.ca\/en\/\",\"name\":\"Vitoli\",\"description\":\"Bien vieillir\",\"potentialAction\":[{\"@type\":\"SearchAction\",\"target\":{\"@type\":\"EntryPoint\",\"urlTemplate\":\"https:\/\/vitoli.ca\/en\/?s={search_term_string}\"},\"query-input\":{\"@type\":\"PropertyValueSpecification\",\"valueRequired\":true,\"valueName\":\"search_term_string\"}}],\"inLanguage\":\"en-US\"}]}<\/script>\n<!-- \/ Yoast SEO plugin. -->","yoast_head_json":{"title":"Petit guide de la long\u00e9vit\u00e9 | Livre du Dr. Eric Simard","description":"Ce petit guide est bas\u00e9 sur les deux premiers recueils: Vivre jeune plus longtemps et Vivre jeune deux fois plus longtemps.","robots":{"index":"index","follow":"follow","max-snippet":"max-snippet:-1","max-image-preview":"max-image-preview:large","max-video-preview":"max-video-preview:-1"},"canonical":"https:\/\/vitoli.ca\/en\/our-products\/a-short-guide-to-longevity\/","og_locale":"en_US","og_type":"article","og_title":"Petit guide de la long\u00e9vit\u00e9 | Livre du Dr. Eric Simard","og_description":"Ce petit guide est bas\u00e9 sur les deux premiers recueils: Vivre jeune plus longtemps et Vivre jeune deux fois plus longtemps.","og_url":"https:\/\/vitoli.ca\/en\/our-products\/a-short-guide-to-longevity\/","og_site_name":"Vitoli","article_modified_time":"2024-04-05T16:36:48+00:00","og_image":[{"width":551,"height":570,"url":"https:\/\/vitoli.ca\/wp-content\/uploads\/2024\/03\/Seance-Commerciale_Vitoli_Juin-2022_LALOR-photographie-44-1.png","type":"image\/png"}],"twitter_card":"summary_large_image","twitter_misc":{"Est. reading time":"2 minutes"},"schema":{"@context":"https:\/\/schema.org","@graph":[{"@type":"WebPage","@id":"https:\/\/vitoli.ca\/en\/our-products\/a-short-guide-to-longevity\/","url":"https:\/\/vitoli.ca\/en\/our-products\/a-short-guide-to-longevity\/","name":"Petit guide de la long\u00e9vit\u00e9 | Livre du Dr. Eric Simard","isPartOf":{"@id":"https:\/\/vitoli.ca\/en\/#website"},"primaryImageOfPage":{"@id":"https:\/\/vitoli.ca\/en\/our-products\/a-short-guide-to-longevity\/#primaryimage"},"image":{"@id":"https:\/\/vitoli.ca\/en\/our-products\/a-short-guide-to-longevity\/#primaryimage"},"thumbnailUrl":"https:\/\/vitoli.ca\/wp-content\/uploads\/2024\/03\/Seance-Commerciale_Vitoli_Juin-2022_LALOR-photographie-44-1.png","datePublished":"2024-03-31T19:30:01+00:00","dateModified":"2024-04-05T16:36:48+00:00","description":"Ce petit guide est bas\u00e9 sur les deux premiers recueils: Vivre jeune plus longtemps et Vivre jeune deux fois plus longtemps.","breadcrumb":{"@id":"https:\/\/vitoli.ca\/en\/our-products\/a-short-guide-to-longevity\/#breadcrumb"},"inLanguage":"en-US","potentialAction":[{"@type":"ReadAction","target":["https:\/\/vitoli.ca\/en\/our-products\/a-short-guide-to-longevity\/"]}]},{"@type":"ImageObject","inLanguage":"en-US","@id":"https:\/\/vitoli.ca\/en\/our-products\/a-short-guide-to-longevity\/#primaryimage","url":"https:\/\/vitoli.ca\/wp-content\/uploads\/2024\/03\/Seance-Commerciale_Vitoli_Juin-2022_LALOR-photographie-44-1.png","contentUrl":"https:\/\/vitoli.ca\/wp-content\/uploads\/2024\/03\/Seance-Commerciale_Vitoli_Juin-2022_LALOR-photographie-44-1.png","width":551,"height":570},{"@type":"BreadcrumbList","@id":"https:\/\/vitoli.ca\/en\/our-products\/a-short-guide-to-longevity\/#breadcrumb","itemListElement":[{"@type":"ListItem","position":1,"name":"Products","item":"https:\/\/vitoli.ca\/en\/shop\/"},{"@type":"ListItem","position":2,"name":"A short guide to longevity"}]},{"@type":"WebSite","@id":"https:\/\/vitoli.ca\/en\/#website","url":"https:\/\/vitoli.ca\/en\/","name":"Vitoli","description":"Bien vieillir","potentialAction":[{"@type":"SearchAction","target":{"@type":"EntryPoint","urlTemplate":"https:\/\/vitoli.ca\/en\/?s={search_term_string}"},"query-input":{"@type":"PropertyValueSpecification","valueRequired":true,"valueName":"search_term_string"}}],"inLanguage":"en-US"}]}},"_links":{"self":[{"href":"https:\/\/vitoli.ca\/en\/wp-json\/wp\/v2\/product\/23694","targetHints":{"allow":["GET"]}}],"collection":[{"href":"https:\/\/vitoli.ca\/en\/wp-json\/wp\/v2\/product"}],"about":[{"href":"https:\/\/vitoli.ca\/en\/wp-json\/wp\/v2\/types\/product"}],"replies":[{"embeddable":true,"href":"https:\/\/vitoli.ca\/en\/wp-json\/wp\/v2\/comments?post=23694"}],"wp:featuredmedia":[{"embeddable":true,"href":"https:\/\/vitoli.ca\/en\/wp-json\/wp\/v2\/media\/82"}],"wp:attachment":[{"href":"https:\/\/vitoli.ca\/en\/wp-json\/wp\/v2\/media?parent=23694"}],"wp:term":[{"taxonomy":"product_brand","embeddable":true,"href":"https:\/\/vitoli.ca\/en\/wp-json\/wp\/v2\/product_brand?post=23694"},{"taxonomy":"product_cat","embeddable":true,"href":"https:\/\/vitoli.ca\/en\/wp-json\/wp\/v2\/product_cat?post=23694"},{"taxonomy":"product_tag","embeddable":true,"href":"https:\/\/vitoli.ca\/en\/wp-json\/wp\/v2\/product_tag?post=23694"}],"curies":[{"name":"wp","href":"https:\/\/api.w.org\/{rel}","templated":true}]}}